{"id":1457,"date":"2020-12-17T14:55:44","date_gmt":"2020-12-17T14:55:44","guid":{"rendered":"https:\/\/cocinasarmilla.es\/?page_id=1457"},"modified":"2020-12-17T14:55:44","modified_gmt":"2020-12-17T14:55:44","slug":"politica-de-cookies","status":"publish","type":"page","link":"https:\/\/cocinasarmilla.es\/index.php\/politica-de-cookies\/","title":{"rendered":"Pol\u00edtica de cookies"},"content":{"rendered":"\n<p><strong>POLITICA DE COOKIES<\/strong><\/p>\n\n\n\n<p>Si quieres saber m\u00e1s sobre el uso de cookies que realiza este sitio web est\u00e1s en el lugar indicado.&nbsp; A continuaci\u00f3n, vamos a explicarte qu\u00e9 son exactamente las cookies; qu\u00e9 tipo de cookies utilizamos y para qu\u00e9; y c\u00f3mo puedes ejercer tu derecho para configurar tu navegador y desestimar el uso de cualquiera de ellas.<\/p>\n\n\n\n<p>Eso s\u00ed, debes saber, que si decides no utilizar algunas cookies, este sitio web puede no funcionar perfectamente, afectando a tu experiencia de usuario.<\/p>\n\n\n\n<p><strong>QU\u00c9 ES UNA COOKIE<\/strong><\/p>\n\n\n\n<p>Una&nbsp;<em>cookie<\/em>&nbsp;es un fichero que se descarga en tu ordenador al acceder a determinadas p\u00e1ginas web o blogs.<\/p>\n\n\n\n<p>Las&nbsp;<em>cookies<\/em>&nbsp;permiten a esa p\u00e1gina, entre otras cosas, almacenar y recuperar informaci\u00f3n sobre tus h\u00e1bitos de navegaci\u00f3n o de tu equipo, y dependiendo de la informaci\u00f3n que contengan y de la forma en que utilices tu equipo, pueden utilizarse para reconocerte.<\/p>\n\n\n\n<p>El navegador del usuario memoriza cookies en el disco duro solamente durante la sesi\u00f3n actual ocupando un espacio de memoria m\u00ednimo y no perjudicando al ordenador. Las cookies no contienen ninguna clase de informaci\u00f3n personal espec\u00edfica, y la mayor\u00eda de las mismas se borran del disco duro al finalizar la sesi\u00f3n de navegador (las denominadas cookies de sesi\u00f3n).<\/p>\n\n\n\n<p>La mayor\u00eda de los navegadores aceptan como est\u00e1ndar a las cookies y, con independencia de las mismas, permiten o impiden en los ajustes de seguridad las cookies temporales o memorizadas.<\/p>\n\n\n\n<p>Las cookies se asocian al navegador, no a la persona, por lo que no suelen almacenar informaci\u00f3n sensible sobre ti como tarjetas de cr\u00e9dito o datos bancarios, fotograf\u00edas o informaci\u00f3n personal, etc. Los datos que guardan son de car\u00e1cter t\u00e9cnico, estad\u00edsticos, preferencias personales, personalizaci\u00f3n de contenidos, etc.<\/p>\n\n\n\n<p><strong>ACEPTACI\u00d3N DE LAS COOKIES: NORMATIVA VIGENTE<\/strong><\/p>\n\n\n\n<p>Al acceder a este sitio web, y de acuerdo a la normativa vigente en materia de protecci\u00f3n de datos, te informamos del uso de cookies, d\u00e1ndote la opci\u00f3n de aceptarlas expresamente y de acceder a m\u00e1s informaci\u00f3n a trav\u00e9s de esta Pol\u00edtica de Cookies.<\/p>\n\n\n\n<p>Debes saber que, en el caso de continuar navegando, estar\u00e1s prestando tu consentimiento para el empleo de estas cookies. Pero, en cualquier momento, podr\u00e1s cambiar de opini\u00f3n y bloquear su utilizaci\u00f3n a trav\u00e9s de tu navegador.<\/p>\n\n\n\n<p>Para tu total tranquilidad, este sitio web cumple con lo estipulado en la normativa vigente en relaci\u00f3n con el uso de las cookies y tus datos personales:<\/p>\n\n\n\n<p>El reglamento LSSI-CE (Ley de la sociedad de la informaci\u00f3n y del comercio electr\u00f3nico)<\/p>\n\n\n\n<p>El&nbsp;RGPD&nbsp;(Reglamento (UE) 2016\/679 del Parlamento Europeo y del Consejo de 27 de abril de 2016 relativo a la protecci\u00f3n de las personas f\u00edsicas),&nbsp;que unifica la regulaci\u00f3n del tratamiento de los datos personales en los pa\u00edses de la UE.<\/p>\n\n\n\n<p>Esta Pol\u00edtica de Cookies podr\u00eda modificarse en cualquier momento para adaptarse a novedades normativas o cambios en nuestras actividades, siendo vigente la que en cada momento se encuentre publicada en la web.<\/p>\n\n\n\n<p><strong>TIPOS DE COOKIES<\/strong><\/p>\n\n\n\n<p>Para poder ofrecerte una mejor experiencia de usuario, obtener datos anal\u00edticos, almacenar y recuperar informaci\u00f3n sobre tus h\u00e1bitos de navegaci\u00f3n o de tu equipo y desarrollar su actividad, este sitio web<strong>,<\/strong> utiliza cookies propias y de terceros.<\/p>\n\n\n\n<p><strong>\u00bfQu\u00e9 tipos de cookies utiliza este sitio web?<\/strong><\/p>\n\n\n\n<ul class=\"wp-block-list\"><li><strong>Cookies t\u00e9cnicas<\/strong>: Son aquellas que permiten al usuario la navegaci\u00f3n a trav\u00e9s de una p\u00e1gina web, plataforma o aplicaci\u00f3n y la utilizaci\u00f3n de las diferentes opciones o servicios que en ella existan como, por ejemplo, controlar el tr\u00e1fico y la comunicaci\u00f3n de datos, identificar la sesi\u00f3n, acceder a partes de acceso restringido, recordar los elementos que integran un pedido, realizar el proceso de compra de un pedido, realizar la solicitud de inscripci\u00f3n o participaci\u00f3n en un evento, utilizar elementos de seguridad durante la navegaci\u00f3n, almacenar contenidos para la difusi\u00f3n de videos o sonido o compartir contenidos a trav\u00e9s de redes sociales.<\/li><li><strong>Cookies de personalizaci\u00f3n<\/strong>: Son aquellas que permiten al usuario acceder al servicio con algunas caracter\u00edsticas de car\u00e1cter general predefinidas en funci\u00f3n de una serie de criterios en el terminal del usuario como por ejemplo serian el idioma, el tipo de navegador a trav\u00e9s del cual accede al servicio, la configuraci\u00f3n regional desde donde accede al servicio, etc.<\/li><li><strong>Cookies de an\u00e1lisis<\/strong>: Son aquellas que bien tratadas por nosotros o por terceros, nos permiten cuantificar el n\u00famero de usuarios y as\u00ed realizar la medici\u00f3n y an\u00e1lisis estad\u00edstico de la utilizaci\u00f3n que hacen los usuarios del servicio ofertado. Para ello se analiza tu navegaci\u00f3n en nuestra p\u00e1gina web con el fin de mejorar la oferta de productos o servicios que le ofrecemos.<\/li><li><strong>Cookies publicitarias<\/strong>: Son aquellas que, bien tratadas por nosotros o por terceros, nos permiten gestionar de la forma m\u00e1s eficaz posible la oferta de los espacios publicitarios que hay en la p\u00e1gina web, adecuando el contenido del anuncio al contenido del servicio solicitado o al uso que realice de nuestra p\u00e1gina web. Para ello podemos analizar tus h\u00e1bitos de navegaci\u00f3n en Internet y podemos mostrarte publicidad relacionada con tu perfil de navegaci\u00f3n.<\/li><li><strong>Cookies de publicidad comportamental<\/strong>: Son aquellas que permiten la gesti\u00f3n, de la forma m\u00e1s eficaz posible, de los espacios publicitarios que, en su caso, el editor haya incluido en una p\u00e1gina web, aplicaci\u00f3n o plataforma desde la que presta el servicio solicitado. Estas cookies almacenan informaci\u00f3n del comportamiento de los usuarios obtenida a trav\u00e9s de la observaci\u00f3n continuada de sus h\u00e1bitos de navegaci\u00f3n, lo que permite desarrollar un perfil espec\u00edfico para mostrar publicidad en funci\u00f3n del mismo.<\/li><li><strong>Cookies de terceros<\/strong>: Esta web puede utilizar servicios de terceros que, por cuenta de Google, recopilar\u00e1n informaci\u00f3n con fines estad\u00edsticos, de uso del sitio por parte del usuario y para la prestaci\u00f3n de otros servicios relacionados con la actividad del sitio web y otros servicios de Internet.<\/li><\/ul>\n\n\n\n<p>En particular, este sitio web utiliza Google Analytics, un servicio anal\u00edtico de web prestado por Google, Inc. con domicilio en los Estados Unidos con sede central en 1600 Amphitheatre Parkway, Mountain View, California 94043. Para la prestaci\u00f3n de estos servicios, Google utiliza cookies que recopilan la informaci\u00f3n, incluida la direcci\u00f3n IP del usuario, que ser\u00e1 transmitida, tratada y almacenada por Google en los t\u00e9rminos fijados en la web Google.com. Esto incluye la posible transmisi\u00f3n de dicha informaci\u00f3n a terceros por razones de exigencia legal o cuando dichos terceros procesen la informaci\u00f3n por cuenta de Google.<\/p>\n\n\n\n<p><strong>GESTIONAR Y RECHAZAR EL USO DE COOKIES<\/strong><\/p>\n\n\n\n<p>En cualquier momento, puedes adaptar la configuraci\u00f3n del navegador para gestionar, desestimar el uso de cookies y ser notificado antes de que se descarguen.<\/p>\n\n\n\n<p>Tambi\u00e9n puedes adaptar la configuraci\u00f3n de forma que el navegador rechace todas las&nbsp;<em>cookies<\/em>, o \u00fanicamente las&nbsp;<em>cookies<\/em>&nbsp;de terceros. Y tambi\u00e9n puedes eliminar cualquiera de las&nbsp;<em>cookies<\/em>&nbsp;que ya se encuentren en tu equipo.<\/p>\n\n\n\n<p>Para esto, debes tener en cuenta que tendr\u00e1s que adaptar por separado la configuraci\u00f3n&nbsp;<strong>de cada navegador y equipo que utilices<\/strong> ya que, como te hemos comentado anteriormente las cookies se asocian al navegador, no a la persona.<\/p>\n\n\n\n<p><strong>Google Chrome <\/strong><a href=\"https:\/\/support.google.com\/chrome\/answer\/95647?hl=es-419\">https:\/\/support.google.com\/chrome\/answer\/95647?hl=es-419<\/a><\/p>\n\n\n\n<p><strong>Internet Explorer<\/strong> <a href=\"https:\/\/support.microsoft.com\/es-es\/help\/17442\/windows-internet-explorer-delete-manage-cookies#ie=ie-10\">https:\/\/support.microsoft.com\/es-es\/help\/17442\/windows-internet-explorer-delete-manage-cookies#ie=ie-10<\/a><\/p>\n\n\n\n<p><strong>Mozilla Firefox<\/strong> <a href=\"https:\/\/support.mozilla.org\/es\/kb\/habilitar-y-deshabilitar-cookies-sitios-web-rastrear-preferencias?redirectlocale=es&amp;redirectslug=habilitar-y-deshabilitar-cookies-que-los-sitios-we\">https:\/\/support.mozilla.org\/es\/kb\/habilitar-y-deshabilitar-cookies-sitios-web-rastrear-preferencias?redirectlocale=es&amp;redirectslug=habilitar-y-deshabilitar-cookies-que-los-sitios-we<\/a><\/p>\n\n\n\n<p><strong>Apple Safari<\/strong> <a href=\"https:\/\/support.apple.com\/es-es\/HT201265\">https:\/\/support.apple.com\/es-es\/HT201265<\/a><\/p>\n\n\n\n<p>Si tienes cualquier duda sobre esta Pol\u00edtica de Cookies, puedes contactar con nosotros envi\u00e1ndonos un mail o poni\u00e9ndote en contacto con los datos aportados en nuestro Aviso Legal.<\/p>\n\n\n\n<p><strong>Listado de cookies<\/strong><\/p>\n\n\n\n<p>En esta web se utilizan las siguientes cookies:<\/p>\n\n\n\n<p>PHPSESSID: Esta cookie es usada por el lenguaje de encriptado PHP para permitir que las variables de SESI\u00d3N sean guardadas en el servidor web. Estas cookies son esenciales para el funcionamiento de la web.<\/p>\n\n\n\n<p>Webmailsession:&nbsp;&nbsp;&nbsp;&nbsp;&nbsp;&nbsp;&nbsp; Cookie Necesaria para la correcta administraci\u00f3n de la p\u00e1gina. S\u00f3lo se guarda en el equipo del administrador de la web.<\/p>\n\n\n\n<p>viewed_cookie_policy:&nbsp;&nbsp;&nbsp;&nbsp;&nbsp;&nbsp;&nbsp; Cookie usada para recordar la aceptaci\u00f3n de la pol\u00edtica de privacidad por parte del usuario.&nbsp;&nbsp;&nbsp;&nbsp;<\/p>\n\n\n\n<p>__smVID:&nbsp; Esta cookie almacena informaci\u00f3n del usuario y sus sesiones para mejorar la experiencia de usuario.<\/p>\n\n\n\n<p>_wpss_h, _wpss_p_: Estas cookies son utilizadas por la herramienta WordPress.<\/p>\n\n\n\n<p>__distillery Esta cookie es esencial para el funcionamiento de la web.&nbsp;&nbsp;&nbsp;<\/p>\n\n\n\n<p>SJECT1906:&nbsp;&nbsp;&nbsp;&nbsp;&nbsp; Esta cookie es esencial para el funcionamiento de la web.<\/p>\n\n\n\n<p>wp_woocommerce_session_:&nbsp;&nbsp;&nbsp;&nbsp; Cookie necesaria para facilitar el proceso de compra de los usuarios a trav\u00e9s de la web.&nbsp; T\u00e9cnica de terceros&nbsp;&nbsp; 2 d\u00edas<\/p>\n\n\n\n<p>__unam, _gid, _ga, _gat:&nbsp;&nbsp;&nbsp; Cookies de Google Analytics. Informes estad\u00edsticos sobre como los usuarios encuentran la p\u00e1gina web y c\u00f3mo la utilizan: p\u00e1ginas visitadas, tiempo de estancia, tipo de navegador\u2026<\/p>\n\n\n\n<p>_ga y _gid: Se usan para distinguir a los usuarios.<\/p>\n\n\n\n<p>_gat: Se usa para limitar el porcentaje de solicitudes<\/p>\n\n\n\n<p><strong>Otras cookies<\/strong><\/p>\n\n\n\n<p>En alguna p\u00e1gina del Sitio Web se puede mostrar contenido embebido o invocado a trav\u00e9s del cual se pueden estar instalando cookies de terceros. Por ejemplo, cookies de Bing, cookies de smartupp, cookies de Facebook o de Google: <a href=\"https:\/\/www.facebook.com\/help\/cookies\">P\u00e1gina de Cookies de Facebook<\/a>, <a href=\"http:\/\/www.google.com\/intl\/es\/policies\/technologies\/types\/\">P\u00e1gina de Cookies de Google<\/a>. Cuando se incluyen estos contenidos en el Sitio Web se intenta que la \u00fanica finalidad de estas cookies sea t\u00e9cnica. Los terceros que prestan los contenidos pueden decidir cambiar la finalidad de estas cookies, por lo que se revisan estas p\u00e1ginas cada cierto tiempo.<\/p>\n\n\n\n<p><strong>Configuraci\u00f3n de cookies<\/strong><\/p>\n\n\n\n<p>El Usuario puede permitir, bloquear o eliminar las cookies instaladas en su equipo mediante la configuraci\u00f3n de las opciones de su navegador. Puedes encontrar informaci\u00f3n sobre c\u00f3mo hacerlo, en relaci\u00f3n con los navegadores m\u00e1s comunes, en los links que se incluyen a continuaci\u00f3n:<\/p>\n\n\n\n<p>-Para&nbsp;<a href=\"http:\/\/windows.microsoft.com\/es-es\/internet-explorer\/delete-manage-cookies#ie=ie-11\">Internet Explorer<\/a>\u2122&nbsp; -Para&nbsp;<a href=\"http:\/\/www.apple.com\/legal\/privacy\/es\/cookies\/\">Safari<\/a>\u2122&nbsp;&nbsp; -Para&nbsp;<a href=\"https:\/\/support.google.com\/chrome\/answer\/95647?hl=es\">Chrome<\/a>\u2122&nbsp; -Para&nbsp;<a href=\"https:\/\/support.mozilla.org\/es\/kb\/cookies-informacion-que-los-sitios-web-guardan-en-?redirectlocale=en-US&amp;redirectslug=Cookies\">Firefox<\/a>\u2122&nbsp; -Para&nbsp;<a href=\"https:\/\/www.opera.com\/help\/tutorials\/security\/cookies\/#sitenav\">Opera<\/a>\u2122&nbsp; -Para&nbsp;<a href=\"https:\/\/privacy.microsoft.com\/es-es\/windows-10-microsoft-edge-and-privacy\">Edge<\/a>\u2122<\/p>\n\n\n\n<p><strong>Aceptaci\u00f3n de cookies<\/strong><\/p>\n\n\n\n<p>Al acceder a este sitio web por primera vez, ver\u00e1s una ventana d\u00f3nde se informa de la utilizaci\u00f3n de las cookies y donde puedes consultar esta \u201cPol\u00edtica de cookies\u201d. Puedes cambiar la configuraci\u00f3n de cookies en cualquier momento, configurando el navegador para aceptar, o no, las cookies que recibes o para que el navegador te avise cuando un servidor quiera guardar una cookie. Te informamos de que, en el caso de bloquear o no aceptar la instalaci\u00f3n de cookies, es posible que ciertos servicios no est\u00e9n disponibles sin la utilizaci\u00f3n de \u00e9stas o que no pueda acceder a determinados servicios ni tampoco aprovechar por completo todo lo que nuestra web ofrece.<\/p>\n\n\n\n<p>Te agradecemos que consientas la aceptaci\u00f3n de cookies, esto nos ayuda a obtener datos m\u00e1s precisos que nos permiten mejorar el contenido y el dise\u00f1o de nuestras p\u00e1ginas webs para adaptarlas a tus preferencias.<\/p>\n","protected":false},"excerpt":{"rendered":"<p>POLITICA DE COOKIES Si quieres saber m\u00e1s sobre el uso de cookies que realiza este sitio web est\u00e1s en el lugar indicado.&nbsp; A continuaci\u00f3n, vamos a explicarte qu\u00e9 son exactamente &#8230;<\/p>\n","protected":false},"author":1,"featured_media":0,"parent":0,"menu_order":0,"comment_status":"closed","ping_status":"closed","template":"","meta":{"footnotes":""},"class_list":["post-1457","page","type-page","status-publish","hentry"],"yoast_head":"<!-- This site is optimized with the Yoast SEO plugin v15.5 - https:\/\/yoast.com\/wordpress\/plugins\/seo\/ -->\n<title>Pol\u00edtica de cookies - Cocinas Armilla<\/title>\n<meta name=\"robots\" content=\"index, follow, max-snippet:-1, max-image-preview:large, max-video-preview:-1\" \/>\n<link rel=\"canonical\" href=\"https:\/\/cocinasarmilla.es\/index.php\/politica-de-cookies\/\" \/>\n<meta property=\"og:locale\" content=\"es_ES\" \/>\n<meta property=\"og:type\" content=\"article\" \/>\n<meta property=\"og:title\" content=\"Pol\u00edtica de cookies - Cocinas Armilla\" \/>\n<meta property=\"og:description\" content=\"POLITICA DE COOKIES Si quieres saber m\u00e1s sobre el uso de cookies que realiza este sitio web est\u00e1s en el lugar indicado.&nbsp; A continuaci\u00f3n, vamos a explicarte qu\u00e9 son exactamente ...\" \/>\n<meta property=\"og:url\" content=\"https:\/\/cocinasarmilla.es\/index.php\/politica-de-cookies\/\" \/>\n<meta property=\"og:site_name\" content=\"Cocinas Armilla\" \/>\n<meta name=\"twitter:card\" content=\"summary_large_image\" \/>\n<meta name=\"twitter:label1\" content=\"Tiempo de lectura\">\n\t<meta name=\"twitter:data1\" content=\"8 minutos\">\n<script type=\"application\/ld+json\" class=\"yoast-schema-graph\">{\"@context\":\"https:\/\/schema.org\",\"@graph\":[{\"@type\":\"WebSite\",\"@id\":\"https:\/\/cocinasarmilla.es\/#website\",\"url\":\"https:\/\/cocinasarmilla.es\/\",\"name\":\"Cocinas Armilla\",\"description\":\"Especialistas en Dise&ntilde;o y Montaje de Cocinas\",\"potentialAction\":[{\"@type\":\"SearchAction\",\"target\":\"https:\/\/cocinasarmilla.es\/?s={search_term_string}\",\"query-input\":\"required name=search_term_string\"}],\"inLanguage\":\"es\"},{\"@type\":\"WebPage\",\"@id\":\"https:\/\/cocinasarmilla.es\/index.php\/politica-de-cookies\/#webpage\",\"url\":\"https:\/\/cocinasarmilla.es\/index.php\/politica-de-cookies\/\",\"name\":\"Pol\\u00edtica de cookies - Cocinas Armilla\",\"isPartOf\":{\"@id\":\"https:\/\/cocinasarmilla.es\/#website\"},\"datePublished\":\"2020-12-17T14:55:44+00:00\",\"dateModified\":\"2020-12-17T14:55:44+00:00\",\"inLanguage\":\"es\",\"potentialAction\":[{\"@type\":\"ReadAction\",\"target\":[\"https:\/\/cocinasarmilla.es\/index.php\/politica-de-cookies\/\"]}]}]}<\/script>\n<!-- \/ Yoast SEO plugin. -->","_links":{"self":[{"href":"https:\/\/cocinasarmilla.es\/index.php\/wp-json\/wp\/v2\/pages\/1457","targetHints":{"allow":["GET"]}}],"collection":[{"href":"https:\/\/cocinasarmilla.es\/index.php\/wp-json\/wp\/v2\/pages"}],"about":[{"href":"https:\/\/cocinasarmilla.es\/index.php\/wp-json\/wp\/v2\/types\/page"}],"author":[{"embeddable":true,"href":"https:\/\/cocinasarmilla.es\/index.php\/wp-json\/wp\/v2\/users\/1"}],"replies":[{"embeddable":true,"href":"https:\/\/cocinasarmilla.es\/index.php\/wp-json\/wp\/v2\/comments?post=1457"}],"version-history":[{"count":1,"href":"https:\/\/cocinasarmilla.es\/index.php\/wp-json\/wp\/v2\/pages\/1457\/revisions"}],"predecessor-version":[{"id":1458,"href":"https:\/\/cocinasarmilla.es\/index.php\/wp-json\/wp\/v2\/pages\/1457\/revisions\/1458"}],"wp:attachment":[{"href":"https:\/\/cocinasarmilla.es\/index.php\/wp-json\/wp\/v2\/media?parent=1457"}],"curies":[{"name":"wp","href":"https:\/\/api.w.org\/{rel}","templated":true}]}}